{"id":2942,"date":"2019-03-05T07:53:57","date_gmt":"2019-03-05T06:53:57","guid":{"rendered":"http:\/\/www.rallybarcelonasitges.com\/?page_id=2942"},"modified":"2023-04-12T06:43:12","modified_gmt":"2023-04-12T05:43:12","slug":"ruta-ludico-cultural-18-marc-2019","status":"publish","type":"page","link":"https:\/\/www.rallybarcelonasitges.com\/it\/ruta-ludico-cultural-18-marc-2019\/","title":{"rendered":"Ruta ludico &#8211; cultural 13 mar\u00e7 2023"},"content":{"rendered":"<table style=\"width: 110.358%;\" width=\"915\">\n<tbody>\n<tr>\n<td style=\"width: 105.714%;\" colspan=\"3\">\n<h2>Visita a la Col\u00b7lecci\u00f3 Ram\u00f3n Magri\u00f1\u00e0<\/h2>\n<\/td>\n<\/tr>\n<tr>\n<td style=\"width: 25.4585%;\"><a href=\"httpss:\/\/www.autodrom-terramar.com\/ca\/inici\/\"><img loading=\"lazy\" decoding=\"async\" class=\"wp-image-2936  alignleft\" src=\"https:\/\/www.rallybarcelonasitges.com\/wp-content\/uploads\/2019\/03\/Logo-AT.png\" alt=\"\" width=\"321\" height=\"154\" srcset=\"https:\/\/www.rallybarcelonasitges.com\/wp-content\/uploads\/2019\/03\/Logo-AT.png 556w, https:\/\/www.rallybarcelonasitges.com\/wp-content\/uploads\/2019\/03\/Logo-AT-300x144.png 300w\" sizes=\"auto, (max-width: 321px) 100vw, 321px\" \/><\/a><p><\/p>\n<p>&nbsp;<\/p>\n<p>&nbsp;<\/p>\n<p><a href=\"https:\/\/www.paucasals.org\/\"><img loading=\"lazy\" decoding=\"async\" class=\"alignnone wp-image-5995 size-medium\" src=\"https:\/\/www.rallybarcelonasitges.com\/wp-content\/uploads\/2023\/03\/museu-magrina-nologo-300x200.jpg\" alt=\"\" width=\"300\" height=\"200\" srcset=\"https:\/\/www.rallybarcelonasitges.com\/wp-content\/uploads\/2023\/03\/museu-magrina-nologo-300x200.jpg 300w, https:\/\/www.rallybarcelonasitges.com\/wp-content\/uploads\/2023\/03\/museu-magrina-nologo-600x400.jpg 600w, https:\/\/www.rallybarcelonasitges.com\/wp-content\/uploads\/2023\/03\/museu-magrina-nologo-1024x683.jpg 1024w, https:\/\/www.rallybarcelonasitges.com\/wp-content\/uploads\/2023\/03\/museu-magrina-nologo-768x512.jpg 768w, https:\/\/www.rallybarcelonasitges.com\/wp-content\/uploads\/2023\/03\/museu-magrina-nologo-240x160.jpg 240w, https:\/\/www.rallybarcelonasitges.com\/wp-content\/uploads\/2023\/03\/museu-magrina-nologo-750x500.jpg 750w, https:\/\/www.rallybarcelonasitges.com\/wp-content\/uploads\/2023\/03\/museu-magrina-nologo.jpg 1417w\" sizes=\"auto, (max-width: 300px) 100vw, 300px\" \/><\/a><\/p>\n<\/td>\n<td style=\"width: 80.2555%;\" colspan=\"2\">El dilluns 13 de mar\u00e7 es proposa una ruta pels paisatges de contrastos interiors del Garraf i Baix Pened\u00e8s, amb dues visites a espais no gaire coneguts, per\u00f2 no per aix\u00f2 poc interessants.<p><\/p>\n<p>La primera visita, ens far\u00e0 aturar a un dels primers circuits permanents de curses automobil\u00edstiques de l&#8217;estat espanyol, l&#8217;Aut\u00f2drom de Terramar. Aixecat l&#8217;any 1923 va ser la seu de les primeres curses en circuit tancat, reunint la incipient passi\u00f3 pel motor a la Catalunya de principis del S.XX.<\/p>\n<p>La segona visita, arribar\u00e0 despr\u00e8s de fer 46 km per la pintoresca carretera del Pant\u00e0 de Foix, id\u00f2nia pels vehicles que fa 100 anys ja circulaven per les nostres carreteres. La visita a la <a href=\"https:\/\/www.feva.es\/es\/museos\/86\/colleccio-ramon-magrina\">Col\u00b7lecci\u00f3 Ram\u00f3n Magri\u00f1\u00e0<\/a> ens oferir\u00e0&nbsp; l&#8217;oportunitat de con\u00e8ixer una de les col\u00b7leccions importants de vehicles hist\u00f2rics de Catalunya.<\/p>\n<p>Despr\u00e8s de la visita a la Col\u00b7lecci\u00f3, els participants es dirigiran cap a un restaurant de la zona per dinar.<\/p>\n<p><strong>El preu d&#8217;aquesta sortida no est\u00e0 incl\u00f2s en la inscripci\u00f3 del Ral\u00b7li i es de 30\u20ac per persona<\/strong><\/p>\n<\/td>\n<\/tr>\n<tr>\n<td style=\"width: 105.714%;\" colspan=\"3\"><img loading=\"lazy\" decoding=\"async\" class=\"alignnone wp-image-5994 size-full\" src=\"https:\/\/www.rallybarcelonasitges.com\/wp-content\/uploads\/2023\/03\/perfil-magrina.jpg\" alt=\"\" width=\"1618\" height=\"315\" srcset=\"https:\/\/www.rallybarcelonasitges.com\/wp-content\/uploads\/2023\/03\/perfil-magrina.jpg 1618w, https:\/\/www.rallybarcelonasitges.com\/wp-content\/uploads\/2023\/03\/perfil-magrina-600x117.jpg 600w, https:\/\/www.rallybarcelonasitges.com\/wp-content\/uploads\/2023\/03\/perfil-magrina-300x58.jpg 300w, https:\/\/www.rallybarcelonasitges.com\/wp-content\/uploads\/2023\/03\/perfil-magrina-1024x199.jpg 1024w, https:\/\/www.rallybarcelonasitges.com\/wp-content\/uploads\/2023\/03\/perfil-magrina-768x150.jpg 768w, https:\/\/www.rallybarcelonasitges.com\/wp-content\/uploads\/2023\/03\/perfil-magrina-1536x299.jpg 1536w, https:\/\/www.rallybarcelonasitges.com\/wp-content\/uploads\/2023\/03\/perfil-magrina-280x55.jpg 280w\" sizes=\"auto, (max-width: 1618px) 100vw, 1618px\" \/><\/td>\n<\/tr>\n<\/tbody>\n<\/table>\n<p style=\"text-align: center;\">&nbsp;<\/p>\n\n\n<div class=\"wp-block-columns is-layout-flex wp-container-core-columns-is-layout-2 wp-block-columns-is-layout-flex\">\n<div class=\"wp-block-column is-layout-flow wp-block-column-is-layout-flow\" style=\"flex-basis:100%\">\n<div class=\"wp-block-columns is-layout-flex wp-container-core-columns-is-layout-1 wp-block-columns-is-layout-flex\">\n<div class=\"wp-block-column is-layout-flow wp-block-column-is-layout-flow\" style=\"flex-basis:66.66%\">\n<iframe loading=\"lazy\" src=\"https:\/\/www.google.com\/maps\/d\/embed?mid=13wQ_0waRlYpaX2gyMQB0crBHEP0dRwk&amp;ehbc=2E312F\" width=\"640\" height=\"480\"><\/iframe>\n\n\n\n<p>Si quiere descargarse la ruta para poder tenerla en su movil, clique en el siguiente enlace <a href=\"https:\/\/www.google.com\/maps\/d\/edit?mid=13wQ_0waRlYpaX2gyMQB0crBHEP0dRwk&amp;usp=sharing\">RUTA<\/a><\/p>\n<\/div>\n\n\n\n<div class=\"wp-block-column is-layout-flow wp-block-column-is-layout-flow\" style=\"flex-basis:33.33%\">\n<p>46 km de ruta<\/p>\n<p>1:05 minuts de recorregut<\/p>\n<\/div>\n<\/div>\n<\/div>\n<\/div>\n\n\n\nngg_shortcode_0_placeholder\n","protected":false},"excerpt":{"rendered":"<p>Visita a la Col\u00b7lecci\u00f3 Ram\u00f3n Magri\u00f1\u00e0 &nbsp; &nbsp; El dilluns 13 de mar\u00e7 es proposa una ruta pels paisatges de contrastos interiors del Garraf i Baix Pened\u00e8s, amb dues visites a espais no gaire coneguts, per\u00f2 no per aix\u00f2 poc interessants. La primera visita, ens far\u00e0 aturar a un dels primers circuits permanents de curses<a href=\"https:\/\/www.rallybarcelonasitges.com\/it\/ruta-ludico-cultural-18-marc-2019\/\">[&#8230;]<\/a><\/p>\n","protected":false},"author":1,"featured_media":0,"parent":0,"menu_order":0,"comment_status":"closed","ping_status":"closed","template":"","meta":{"ngg_post_thumbnail":0,"footnotes":""},"class_list":["post-2942","page","type-page","status-publish","hentry"],"translation":{"provider":"WPGlobus","version":"3.0.2","language":"it","enabled_languages":["ca","es","en","fr","it"],"languages":{"ca":{"title":true,"content":true,"excerpt":false},"es":{"title":true,"content":true,"excerpt":false},"en":{"title":false,"content":false,"excerpt":false},"fr":{"title":true,"content":true,"excerpt":false},"it":{"title":false,"content":false,"excerpt":false}}},"yoast_head":"<!-- This site is optimized with the Yoast SEO plugin v26.6 - https:\/\/yoast.com\/wordpress\/plugins\/seo\/ -->\n<title>&#8211; Raduno internazionale di auto d&#039;epoca Barcellona - Sitges<\/title>\n<meta name=\"robots\" content=\"index, follow, max-snippet:-1, max-image-preview:large, max-video-preview:-1\" \/>\n<link rel=\"canonical\" href=\"https:\/\/www.rallybarcelonasitges.com\/ruta-ludico-cultural-18-marc-2019\/\" \/>\n<meta property=\"og:locale\" content=\"it_IT\" \/>\n<meta property=\"og:type\" content=\"article\" \/>\n<meta property=\"og:title\" content=\"&#8211; Raduno internazionale di auto d&#039;epoca Barcellona - Sitges\" \/>\n<meta property=\"og:url\" content=\"https:\/\/www.rallybarcelonasitges.com\/ruta-ludico-cultural-18-marc-2019\/\" \/>\n<meta property=\"og:site_name\" content=\"Raduno internazionale di auto d&#039;epoca Barcellona - Sitges\" \/>\n<meta property=\"article:publisher\" content=\"https:\/\/www.facebook.com\/rallibarcelonasitges\/\" \/>\n<meta property=\"article:modified_time\" content=\"2023-04-12T05:43:12+00:00\" \/>\n<meta property=\"og:image\" content=\"https:\/\/www.rallybarcelonasitges.com\/wp-content\/uploads\/2019\/03\/Logo-AT.png\" \/>\n<meta name=\"twitter:card\" content=\"summary_large_image\" \/>\n<meta name=\"twitter:site\" content=\"@FomentSitges\" \/>\n<meta name=\"twitter:label1\" content=\"Est. reading time\" \/>\n\t<meta name=\"twitter:data1\" content=\"2 minutes\" \/>\n<script type=\"application\/ld+json\" class=\"yoast-schema-graph\">{\"@context\":\"https:\/\/schema.org\",\"@graph\":[{\"@type\":\"WebPage\",\"@id\":\"https:\/\/www.rallybarcelonasitges.com\/ruta-ludico-cultural-18-marc-2019\/\",\"url\":\"https:\/\/www.rallybarcelonasitges.com\/ruta-ludico-cultural-18-marc-2019\/\",\"name\":\"&#8211; Raduno internazionale di auto d&#039;epoca Barcellona - Sitges\",\"isPartOf\":{\"@id\":\"https:\/\/www.rallybarcelonasitges.com\/es\/#website\"},\"primaryImageOfPage\":{\"@id\":\"https:\/\/www.rallybarcelonasitges.com\/ruta-ludico-cultural-18-marc-2019\/#primaryimage\"},\"image\":{\"@id\":\"https:\/\/www.rallybarcelonasitges.com\/ruta-ludico-cultural-18-marc-2019\/#primaryimage\"},\"thumbnailUrl\":\"https:\/\/www.rallybarcelonasitges.com\/wp-content\/uploads\/2019\/03\/Logo-AT.png\",\"datePublished\":\"2019-03-05T06:53:57+00:00\",\"dateModified\":\"2023-04-12T05:43:12+00:00\",\"breadcrumb\":{\"@id\":\"https:\/\/www.rallybarcelonasitges.com\/ruta-ludico-cultural-18-marc-2019\/#breadcrumb\"},\"inLanguage\":\"it-IT\",\"potentialAction\":[{\"@type\":\"ReadAction\",\"target\":[\"https:\/\/www.rallybarcelonasitges.com\/ruta-ludico-cultural-18-marc-2019\/\"]}]},{\"@type\":\"ImageObject\",\"inLanguage\":\"it-IT\",\"@id\":\"https:\/\/www.rallybarcelonasitges.com\/ruta-ludico-cultural-18-marc-2019\/#primaryimage\",\"url\":\"https:\/\/www.rallybarcelonasitges.com\/wp-content\/uploads\/2019\/03\/Logo-AT.png\",\"contentUrl\":\"https:\/\/www.rallybarcelonasitges.com\/wp-content\/uploads\/2019\/03\/Logo-AT.png\"},{\"@type\":\"BreadcrumbList\",\"@id\":\"https:\/\/www.rallybarcelonasitges.com\/ruta-ludico-cultural-18-marc-2019\/#breadcrumb\",\"itemListElement\":[{\"@type\":\"ListItem\",\"position\":1,\"name\":\"Inici\",\"item\":\"https:\/\/www.rallybarcelonasitges.com\/es\/\"},{\"@type\":\"ListItem\",\"position\":2,\"name\":\"Ruta ludico &#8211; cultural 13 de marzo 2023\"}]},{\"@type\":\"WebSite\",\"@id\":\"https:\/\/www.rallybarcelonasitges.com\/es\/#website\",\"url\":\"https:\/\/www.rallybarcelonasitges.com\/es\/\",\"name\":\"{:ca}Ral\u00b7li Internacional de Cotxes d'\u00c8poca Barcelona - Sitges{:}{:es}Rally Internacional de Coches de \u00c9poca Barcelona - Sitges{:}{:en}International Vintage Car Rally Barcelona - Sitges{:}{:fr}Rallye international de voitures anciennes Barcelone - Sitges{:}{:it}Raduno internazionale di auto d'epoca Barcellona - Sitges{:}\",\"description\":\"SITO UFFICIALE\",\"potentialAction\":[{\"@type\":\"SearchAction\",\"target\":{\"@type\":\"EntryPoint\",\"urlTemplate\":\"https:\/\/www.rallybarcelonasitges.com\/es\/?s={search_term_string}\"},\"query-input\":{\"@type\":\"PropertyValueSpecification\",\"valueRequired\":true,\"valueName\":\"search_term_string\"}}],\"inLanguage\":\"it-IT\"}]}<\/script>\n<!-- \/ Yoast SEO plugin. -->","yoast_head_json":{"title":"&#8211; Raduno internazionale di auto d&#039;epoca Barcellona - Sitges","robots":{"index":"index","follow":"follow","max-snippet":"max-snippet:-1","max-image-preview":"max-image-preview:large","max-video-preview":"max-video-preview:-1"},"canonical":"https:\/\/www.rallybarcelonasitges.com\/ruta-ludico-cultural-18-marc-2019\/","og_locale":"it_IT","og_type":"article","og_title":"&#8211; Raduno internazionale di auto d&#039;epoca Barcellona - Sitges","og_url":"https:\/\/www.rallybarcelonasitges.com\/ruta-ludico-cultural-18-marc-2019\/","og_site_name":"Raduno internazionale di auto d&#039;epoca Barcellona - Sitges","article_publisher":"https:\/\/www.facebook.com\/rallibarcelonasitges\/","article_modified_time":"2023-04-12T05:43:12+00:00","og_image":[{"url":"https:\/\/www.rallybarcelonasitges.com\/wp-content\/uploads\/2019\/03\/Logo-AT.png","type":"","width":"","height":""}],"twitter_card":"summary_large_image","twitter_site":"@FomentSitges","twitter_misc":{"Est. reading time":"2 minutes"},"schema":{"@context":"https:\/\/schema.org","@graph":[{"@type":"WebPage","@id":"https:\/\/www.rallybarcelonasitges.com\/ruta-ludico-cultural-18-marc-2019\/","url":"https:\/\/www.rallybarcelonasitges.com\/ruta-ludico-cultural-18-marc-2019\/","name":"&#8211; Raduno internazionale di auto d&#039;epoca Barcellona - Sitges","isPartOf":{"@id":"https:\/\/www.rallybarcelonasitges.com\/es\/#website"},"primaryImageOfPage":{"@id":"https:\/\/www.rallybarcelonasitges.com\/ruta-ludico-cultural-18-marc-2019\/#primaryimage"},"image":{"@id":"https:\/\/www.rallybarcelonasitges.com\/ruta-ludico-cultural-18-marc-2019\/#primaryimage"},"thumbnailUrl":"https:\/\/www.rallybarcelonasitges.com\/wp-content\/uploads\/2019\/03\/Logo-AT.png","datePublished":"2019-03-05T06:53:57+00:00","dateModified":"2023-04-12T05:43:12+00:00","breadcrumb":{"@id":"https:\/\/www.rallybarcelonasitges.com\/ruta-ludico-cultural-18-marc-2019\/#breadcrumb"},"inLanguage":"it-IT","potentialAction":[{"@type":"ReadAction","target":["https:\/\/www.rallybarcelonasitges.com\/ruta-ludico-cultural-18-marc-2019\/"]}]},{"@type":"ImageObject","inLanguage":"it-IT","@id":"https:\/\/www.rallybarcelonasitges.com\/ruta-ludico-cultural-18-marc-2019\/#primaryimage","url":"https:\/\/www.rallybarcelonasitges.com\/wp-content\/uploads\/2019\/03\/Logo-AT.png","contentUrl":"https:\/\/www.rallybarcelonasitges.com\/wp-content\/uploads\/2019\/03\/Logo-AT.png"},{"@type":"BreadcrumbList","@id":"https:\/\/www.rallybarcelonasitges.com\/ruta-ludico-cultural-18-marc-2019\/#breadcrumb","itemListElement":[{"@type":"ListItem","position":1,"name":"Inici","item":"https:\/\/www.rallybarcelonasitges.com\/es\/"},{"@type":"ListItem","position":2,"name":"Ruta ludico &#8211; cultural 13 de marzo 2023"}]},{"@type":"WebSite","@id":"https:\/\/www.rallybarcelonasitges.com\/es\/#website","url":"https:\/\/www.rallybarcelonasitges.com\/es\/","name":"{:ca}Ral\u00b7li Internacional de Cotxes d'\u00c8poca Barcelona - Sitges{:}{:es}Rally Internacional de Coches de \u00c9poca Barcelona - Sitges{:}{:en}International Vintage Car Rally Barcelona - Sitges{:}{:fr}Rallye international de voitures anciennes Barcelone - Sitges{:}{:it}Raduno internazionale di auto d'epoca Barcellona - Sitges{:}","description":"SITO UFFICIALE","potentialAction":[{"@type":"SearchAction","target":{"@type":"EntryPoint","urlTemplate":"https:\/\/www.rallybarcelonasitges.com\/es\/?s={search_term_string}"},"query-input":{"@type":"PropertyValueSpecification","valueRequired":true,"valueName":"search_term_string"}}],"inLanguage":"it-IT"}]}},"_links":{"self":[{"href":"https:\/\/www.rallybarcelonasitges.com\/it\/wp-json\/wp\/v2\/pages\/2942","targetHints":{"allow":["GET"]}}],"collection":[{"href":"https:\/\/www.rallybarcelonasitges.com\/it\/wp-json\/wp\/v2\/pages"}],"about":[{"href":"https:\/\/www.rallybarcelonasitges.com\/it\/wp-json\/wp\/v2\/types\/page"}],"author":[{"embeddable":true,"href":"https:\/\/www.rallybarcelonasitges.com\/it\/wp-json\/wp\/v2\/users\/1"}],"replies":[{"embeddable":true,"href":"https:\/\/www.rallybarcelonasitges.com\/it\/wp-json\/wp\/v2\/comments?post=2942"}],"version-history":[{"count":25,"href":"https:\/\/www.rallybarcelonasitges.com\/it\/wp-json\/wp\/v2\/pages\/2942\/revisions"}],"predecessor-version":[{"id":6160,"href":"https:\/\/www.rallybarcelonasitges.com\/it\/wp-json\/wp\/v2\/pages\/2942\/revisions\/6160"}],"wp:attachment":[{"href":"https:\/\/www.rallybarcelonasitges.com\/it\/wp-json\/wp\/v2\/media?parent=2942"}],"curies":[{"name":"wp","href":"https:\/\/api.w.org\/{rel}","templated":true}]}}