{"id":1970,"date":"2017-03-30T11:36:27","date_gmt":"2017-03-30T10:36:27","guid":{"rendered":"http:\/\/www.rallybarcelonasitges.com\/?page_id=1970"},"modified":"2021-04-06T12:53:20","modified_gmt":"2021-04-06T11:53:20","slug":"novetats","status":"publish","type":"page","link":"https:\/\/www.rallybarcelonasitges.com\/it\/novetats\/","title":{"rendered":"Novetats"},"content":{"rendered":"<h2>60 edicions&#8230; que no \u00e9s poc!!!<\/h2>\n<p>Des de Foment de Sitges, estem treballant ja preparant l&#8217;edici\u00f3 60 del Ral\u00b7li Internacional de Cotxes d&#8217;\u00c8poca Barcelona-Sitges. Una edici\u00f3 important per a la consolidaci\u00f3 de moltes novetats i per qu\u00e8 no, per celebrar que no sempre es compleixen 60 anys organitzant un esdeveniment de manera ininterrompuda que ha anat guanyant import\u00e0ncia a mesura que han passat els anys, convertint-se en un dels referents europeus en quant a Ral\u00b7lis d&#8217;aquesta categoria.<\/p>\n<p>Estigueu atents a la web per que anirem publicant les novetats. Registreu-vos com a subscriptor per estar al dia de les novetats.<\/p>\n<p>Estem en contacte!<\/p>\n","protected":false},"excerpt":{"rendered":"<p>60 edicions&#8230; que no \u00e9s poc!!! Des de Foment de Sitges, estem treballant ja preparant l&#8217;edici\u00f3 60 del Ral\u00b7li Internacional de Cotxes d&#8217;\u00c8poca Barcelona-Sitges. Una edici\u00f3 important per a la consolidaci\u00f3 de moltes novetats i per qu\u00e8 no, per celebrar que no sempre es compleixen 60 anys organitzant un esdeveniment de manera ininterrompuda que ha<a href=\"https:\/\/www.rallybarcelonasitges.com\/it\/novetats\/\">[&#8230;]<\/a><\/p>\n","protected":false},"author":1,"featured_media":0,"parent":0,"menu_order":0,"comment_status":"closed","ping_status":"closed","template":"template-blog.php","meta":{"ngg_post_thumbnail":0,"footnotes":""},"class_list":["post-1970","page","type-page","status-publish","hentry"],"translation":{"provider":"WPGlobus","version":"3.0.2","language":"it","enabled_languages":["ca","es","en","fr","it"],"languages":{"ca":{"title":true,"content":true,"excerpt":false},"es":{"title":false,"content":false,"excerpt":false},"en":{"title":false,"content":false,"excerpt":false},"fr":{"title":false,"content":false,"excerpt":false},"it":{"title":false,"content":false,"excerpt":false}}},"yoast_head":"<!-- This site is optimized with the Yoast SEO plugin v26.6 - https:\/\/yoast.com\/wordpress\/plugins\/seo\/ -->\n<title>Novetats &#8211; Raduno internazionale di auto d&#039;epoca Barcellona - Sitges<\/title>\n<meta name=\"robots\" content=\"index, follow, max-snippet:-1, max-image-preview:large, max-video-preview:-1\" \/>\n<link rel=\"canonical\" href=\"https:\/\/www.rallybarcelonasitges.com\/novetats\/\" \/>\n<meta property=\"og:locale\" content=\"it_IT\" \/>\n<meta property=\"og:type\" content=\"article\" \/>\n<meta property=\"og:title\" content=\"Novetats &#8211; Raduno internazionale di auto d&#039;epoca Barcellona - Sitges\" \/>\n<meta property=\"og:url\" content=\"https:\/\/www.rallybarcelonasitges.com\/novetats\/\" \/>\n<meta property=\"og:site_name\" content=\"Raduno internazionale di auto d&#039;epoca Barcellona - Sitges\" \/>\n<meta property=\"article:publisher\" content=\"https:\/\/www.facebook.com\/rallibarcelonasitges\/\" \/>\n<meta property=\"article:modified_time\" content=\"2021-04-06T11:53:20+00:00\" \/>\n<meta name=\"twitter:card\" content=\"summary_large_image\" \/>\n<meta name=\"twitter:site\" content=\"@FomentSitges\" \/>\n<meta name=\"twitter:label1\" content=\"Est. reading time\" \/>\n\t<meta name=\"twitter:data1\" content=\"1 minute\" \/>\n<script type=\"application\/ld+json\" class=\"yoast-schema-graph\">{\"@context\":\"https:\/\/schema.org\",\"@graph\":[{\"@type\":\"WebPage\",\"@id\":\"https:\/\/www.rallybarcelonasitges.com\/novetats\/\",\"url\":\"https:\/\/www.rallybarcelonasitges.com\/novetats\/\",\"name\":\"Novetats &#8211; Raduno internazionale di auto d&#039;epoca Barcellona - Sitges\",\"isPartOf\":{\"@id\":\"https:\/\/www.rallybarcelonasitges.com\/es\/#website\"},\"datePublished\":\"2017-03-30T10:36:27+00:00\",\"dateModified\":\"2021-04-06T11:53:20+00:00\",\"breadcrumb\":{\"@id\":\"https:\/\/www.rallybarcelonasitges.com\/novetats\/#breadcrumb\"},\"inLanguage\":\"it-IT\",\"potentialAction\":[{\"@type\":\"ReadAction\",\"target\":[\"https:\/\/www.rallybarcelonasitges.com\/novetats\/\"]}]},{\"@type\":\"BreadcrumbList\",\"@id\":\"https:\/\/www.rallybarcelonasitges.com\/novetats\/#breadcrumb\",\"itemListElement\":[{\"@type\":\"ListItem\",\"position\":1,\"name\":\"Inici\",\"item\":\"https:\/\/www.rallybarcelonasitges.com\/es\/\"},{\"@type\":\"ListItem\",\"position\":2,\"name\":\"Novetats\"}]},{\"@type\":\"WebSite\",\"@id\":\"https:\/\/www.rallybarcelonasitges.com\/es\/#website\",\"url\":\"https:\/\/www.rallybarcelonasitges.com\/es\/\",\"name\":\"{:ca}Ral\u00b7li Internacional de Cotxes d'\u00c8poca Barcelona - Sitges{:}{:es}Rally Internacional de Coches de \u00c9poca Barcelona - Sitges{:}{:en}International Vintage Car Rally Barcelona - Sitges{:}{:fr}Rallye international de voitures anciennes Barcelone - Sitges{:}{:it}Raduno internazionale di auto d'epoca Barcellona - Sitges{:}\",\"description\":\"SITO UFFICIALE\",\"potentialAction\":[{\"@type\":\"SearchAction\",\"target\":{\"@type\":\"EntryPoint\",\"urlTemplate\":\"https:\/\/www.rallybarcelonasitges.com\/es\/?s={search_term_string}\"},\"query-input\":{\"@type\":\"PropertyValueSpecification\",\"valueRequired\":true,\"valueName\":\"search_term_string\"}}],\"inLanguage\":\"it-IT\"}]}<\/script>\n<!-- \/ Yoast SEO plugin. -->","yoast_head_json":{"title":"Novetats &#8211; Raduno internazionale di auto d&#039;epoca Barcellona - Sitges","robots":{"index":"index","follow":"follow","max-snippet":"max-snippet:-1","max-image-preview":"max-image-preview:large","max-video-preview":"max-video-preview:-1"},"canonical":"https:\/\/www.rallybarcelonasitges.com\/novetats\/","og_locale":"it_IT","og_type":"article","og_title":"Novetats &#8211; Raduno internazionale di auto d&#039;epoca Barcellona - Sitges","og_url":"https:\/\/www.rallybarcelonasitges.com\/novetats\/","og_site_name":"Raduno internazionale di auto d&#039;epoca Barcellona - Sitges","article_publisher":"https:\/\/www.facebook.com\/rallibarcelonasitges\/","article_modified_time":"2021-04-06T11:53:20+00:00","twitter_card":"summary_large_image","twitter_site":"@FomentSitges","twitter_misc":{"Est. reading time":"1 minute"},"schema":{"@context":"https:\/\/schema.org","@graph":[{"@type":"WebPage","@id":"https:\/\/www.rallybarcelonasitges.com\/novetats\/","url":"https:\/\/www.rallybarcelonasitges.com\/novetats\/","name":"Novetats &#8211; Raduno internazionale di auto d&#039;epoca Barcellona - Sitges","isPartOf":{"@id":"https:\/\/www.rallybarcelonasitges.com\/es\/#website"},"datePublished":"2017-03-30T10:36:27+00:00","dateModified":"2021-04-06T11:53:20+00:00","breadcrumb":{"@id":"https:\/\/www.rallybarcelonasitges.com\/novetats\/#breadcrumb"},"inLanguage":"it-IT","potentialAction":[{"@type":"ReadAction","target":["https:\/\/www.rallybarcelonasitges.com\/novetats\/"]}]},{"@type":"BreadcrumbList","@id":"https:\/\/www.rallybarcelonasitges.com\/novetats\/#breadcrumb","itemListElement":[{"@type":"ListItem","position":1,"name":"Inici","item":"https:\/\/www.rallybarcelonasitges.com\/es\/"},{"@type":"ListItem","position":2,"name":"Novetats"}]},{"@type":"WebSite","@id":"https:\/\/www.rallybarcelonasitges.com\/es\/#website","url":"https:\/\/www.rallybarcelonasitges.com\/es\/","name":"{:ca}Ral\u00b7li Internacional de Cotxes d'\u00c8poca Barcelona - Sitges{:}{:es}Rally Internacional de Coches de \u00c9poca Barcelona - Sitges{:}{:en}International Vintage Car Rally Barcelona - Sitges{:}{:fr}Rallye international de voitures anciennes Barcelone - Sitges{:}{:it}Raduno internazionale di auto d'epoca Barcellona - Sitges{:}","description":"SITO UFFICIALE","potentialAction":[{"@type":"SearchAction","target":{"@type":"EntryPoint","urlTemplate":"https:\/\/www.rallybarcelonasitges.com\/es\/?s={search_term_string}"},"query-input":{"@type":"PropertyValueSpecification","valueRequired":true,"valueName":"search_term_string"}}],"inLanguage":"it-IT"}]}},"_links":{"self":[{"href":"https:\/\/www.rallybarcelonasitges.com\/it\/wp-json\/wp\/v2\/pages\/1970","targetHints":{"allow":["GET"]}}],"collection":[{"href":"https:\/\/www.rallybarcelonasitges.com\/it\/wp-json\/wp\/v2\/pages"}],"about":[{"href":"https:\/\/www.rallybarcelonasitges.com\/it\/wp-json\/wp\/v2\/types\/page"}],"author":[{"embeddable":true,"href":"https:\/\/www.rallybarcelonasitges.com\/it\/wp-json\/wp\/v2\/users\/1"}],"replies":[{"embeddable":true,"href":"https:\/\/www.rallybarcelonasitges.com\/it\/wp-json\/wp\/v2\/comments?post=1970"}],"version-history":[{"count":4,"href":"https:\/\/www.rallybarcelonasitges.com\/it\/wp-json\/wp\/v2\/pages\/1970\/revisions"}],"predecessor-version":[{"id":3984,"href":"https:\/\/www.rallybarcelonasitges.com\/it\/wp-json\/wp\/v2\/pages\/1970\/revisions\/3984"}],"wp:attachment":[{"href":"https:\/\/www.rallybarcelonasitges.com\/it\/wp-json\/wp\/v2\/media?parent=1970"}],"curies":[{"name":"wp","href":"https:\/\/api.w.org\/{rel}","templated":true}]}}