{"id":3014,"date":"2019-11-17T23:09:04","date_gmt":"2019-11-17T22:09:04","guid":{"rendered":"http:\/\/www.rallybarcelonasitges.com\/?page_id=3014"},"modified":"2021-03-15T20:54:22","modified_gmt":"2021-03-15T19:54:22","slug":"63a-edicio-2021","status":"publish","type":"page","link":"https:\/\/www.rallybarcelonasitges.com\/es\/63a-edicio-2021\/","title":{"rendered":"63\u00aa edicion 2021"},"content":{"rendered":"\n<div class=\"wp-block-file\"><a href=\"https:\/\/www.rallybarcelonasitges.com\/wp-content\/uploads\/2021\/02\/full-inscripcio-2021_es_coches.pdf\">full inscripcio 2021_es_coches<\/a><a href=\"https:\/\/www.rallybarcelonasitges.com\/wp-content\/uploads\/2021\/02\/full-inscripcio-2021_es_coches.pdf\" class=\"wp-block-file__button\" download>Baixa<\/a><\/div>\n\n\n<table style=\"width: 1405px;\">\n<tbody>\n<tr>\n<td style=\"width: 1057.27px;\">\n<h1 style=\"text-align: center;\">AGENDA PROVISIONAL 2021<\/h1>\n<h2 style=\"text-align: center;\">Todos los actos programados para la 63\u00aa edici\u00f3n estan pendientes de confirmaci\u00f3n en funci\u00f3n de la evoluci\u00f3n de la situaci\u00f3n sanitaria.<\/h2>\n<h2>S\u00e1bado 24 de abril<\/h2>\n<p>&#8212;<\/p>\n<h2>Domingo 25 de abril<\/h2>\n<ul>\n<li>A las 10.30 h<\/li>\n<\/ul>\n<p>Salida del Rally desde Barcelona (Plaza Sant Jaume \u2013 Ferran \u2013 Rambles \u2013 Pla\u00e7a Catalunya \u2013 Ronda Universitat \u2013 Ronda Sant Antoni \u2013 Sep\u00falveda \u2013 Paral\u00b7lel \u2013 Pla\u00e7a Espanya \u2013 Gran Via \u2013 Badal \u2013 Constituci\u00f3), hacia L\u2019Hospitalet de Llobregat (Santa Eul\u00e0lia \u2013 Enric Prat de la Riba \u2013 Barcelona), Cornell\u00e0 de Llobregat (Carretera de L\u2019Hospitalet \u2013 Av. de la Fama \u2013 Tirso de Molina \u2013 Av. Baix Llobregat \u2013 Enlace con la C-245), Sant Boi de Llobregat, Viladecans, Gav\u00e0, Castelldefels, enlace con la C-246, Costas del Garraf y llegada al Port de Sitges-Aiguadol\u00e7.<\/p>\n<p>Salida del Port de Sitges-Aiguadol\u00e7 con el siguiente recorrido: Av. Port d\u2019Aiguadol\u00e7 \u2013 Emerenci\u00e0 Roig i Ravent\u00f3s \u2013 Av. Balmins \u2013 Port Alegre \u2013 Rafael Llopart \u2013 Jes\u00fas \u2013 Cap de la Vila \u2013 Parellades \u2013 Marqu\u00e8s de Montroig \u2013 Pla\u00e7a Ind\u00fastria \u2013 1 de Maig \u2013 Passeig de la Ribera &nbsp;&#8211; Bassa Rodona \u2013Sant Antoni \u2013 Av &nbsp;Sofia i Passeig de la Ribera hasta llegar a La Fragata.<\/p>\n<p>Los coches estar\u00e1n expuestos hasta las 17.30 horas aproximadamente.<\/p>\n<p>Lista de participantes definitiva 2019:<a href=\"https:\/\/www.rallybarcelonasitges.com\/?media_dl=2999\">participantes 2019<\/a><\/p>\n<\/td>\n<td style=\"width: 336.016px;\" rowspan=\"2\">\n<h1>&nbsp;<\/h1>\n<p>&nbsp;<\/p>\n<p>&nbsp;<\/p>\n<p>&nbsp;<\/p>\n<p>&nbsp;<\/p>\n<p>&nbsp;<\/p>\n<p>&nbsp;<\/p>\n<p>&nbsp;<\/p>\n\n<\/td>\n<\/tr>\n<tr>\n<td style=\"width: 1057.27px;\">\n<h2 style=\"text-align: center;\">EL PER\u00cdODO DE INSCRIPCI\u00d3N SE ABRIRA EL 02 DE FEBRERO<\/h2>\n<p>&nbsp;<\/p>\n<p>A partir de esta fecha ser\u00e1n accesibles el formulario de inscripciones y el reglamento para la 62\u00aa edici\u00f3n en esta p\u00e1gina.<\/p>\n<ul>\n<li>Hoja de Inscripci\u00f3n 62\u00aa edici\u00f3n, apartado coches: Inscripci\u00f3n<\/li>\n<li>Reglamento 62\u00aa edici\u00f3n, apartado coches:<\/li>\n<\/ul>\n<p>Solamente habr\u00e1 1 per\u00edodo de inscripci\u00f3n:<\/p>\n<ul>\n<li>Del 02 de febrero al 02 de abril 221<\/li>\n<\/ul>\n<p>Descargar la hoja de inscripci\u00f3n para ver el coste de la inscripci\u00f3n.<\/p>\n<p>&#8212;&#8212;&#8212;&#8212;&#8212;&#8212;&#8212;&#8212;&#8212;&#8212;&#8212;&#8212;&#8212;&#8212;&#8212;&#8212;&#8212;&#8212;&#8212;&#8212;&#8212;&#8212;&#8212;&#8212;&#8212;&#8212;&#8212;&#8212;&#8212;&#8212;&#8212;&#8212;&#8212;&#8212;&#8212;&#8212;&#8212;&#8212;&#8212;&#8212;&#8212;&#8212;&#8212;<\/p>\n<ul>\n<li>Hoja de Inscripci\u00f3n 62\u00aa edici\u00f3n, apartado motocicletas:<\/li>\n<li>Reglamento 62\u00aa edici\u00f3n, apartado motocicletas:<\/li>\n<\/ul>\n<p>El recorrido provisional a falta de confirmaci\u00f3n por parte del Jurado y Director del Rally sigue siendo el mismo de la anterior edici\u00f3n<\/p>\n\n<p>&nbsp;<\/p>\n<p style=\"text-align: center;\"><strong>IMPORTANTE<\/strong><\/p>\n<p>Todas las peticiones de inscripci\u00f3n deber\u00e1n pasar el filtro del Jurado t\u00e9cnico para poder formalizarse. Contacte con nosotros si tiene dudas.<\/p>\n<p style=\"text-align: center;\"><strong>El cierre de inscripciones ser\u00e1 el d\u00eda 02 de abril de 2021<br><\/strong><\/p>\n<\/td>\n<\/tr>\n<\/tbody>\n<\/table>","protected":false},"excerpt":{"rendered":"<p>AGENDA PROVISIONAL 2021 Todos los actos programados para la 63\u00aa edici\u00f3n estan pendientes de confirmaci\u00f3n en funci\u00f3n de la evoluci\u00f3n de la situaci\u00f3n sanitaria. S\u00e1bado 24 de abril &#8212; Domingo 25 de abril A las 10.30 h Salida del Rally desde Barcelona (Plaza Sant Jaume \u2013 Ferran \u2013 Rambles \u2013 Pla\u00e7a Catalunya \u2013 Ronda Universitat<a href=\"https:\/\/www.rallybarcelonasitges.com\/es\/63a-edicio-2021\/\">[&#8230;]<\/a><\/p>\n","protected":false},"author":1,"featured_media":0,"parent":0,"menu_order":0,"comment_status":"closed","ping_status":"closed","template":"template-fullwidth.php","meta":{"ngg_post_thumbnail":0,"footnotes":""},"class_list":["post-3014","page","type-page","status-publish","hentry"],"translation":{"provider":"WPGlobus","version":"3.0.2","language":"es","enabled_languages":["ca","es","en","fr","it"],"languages":{"ca":{"title":true,"content":true,"excerpt":false},"es":{"title":true,"content":true,"excerpt":false},"en":{"title":true,"content":true,"excerpt":false},"fr":{"title":true,"content":true,"excerpt":false},"it":{"title":true,"content":true,"excerpt":false}}},"yoast_head":"<!-- This site is optimized with the Yoast SEO plugin v26.6 - https:\/\/yoast.com\/wordpress\/plugins\/seo\/ -->\n<title>63\u00aa edicion 2021 &#8211; Rally Internacional de Coches de \u00c9poca Barcelona - Sitges<\/title>\n<meta name=\"robots\" content=\"index, follow, max-snippet:-1, max-image-preview:large, max-video-preview:-1\" \/>\n<link rel=\"canonical\" href=\"https:\/\/www.rallybarcelonasitges.com\/63a-edicio-2021\/\" \/>\n<meta property=\"og:locale\" content=\"es_ES\" \/>\n<meta property=\"og:type\" content=\"article\" \/>\n<meta property=\"og:title\" content=\"63\u00aa edicion 2021 &#8211; Rally Internacional de Coches de \u00c9poca Barcelona - Sitges\" \/>\n<meta property=\"og:url\" content=\"https:\/\/www.rallybarcelonasitges.com\/63a-edicio-2021\/\" \/>\n<meta property=\"og:site_name\" content=\"Rally Internacional de Coches de \u00c9poca Barcelona - Sitges\" \/>\n<meta property=\"article:publisher\" content=\"https:\/\/www.facebook.com\/rallibarcelonasitges\/\" \/>\n<meta property=\"article:modified_time\" content=\"2021-03-15T19:54:22+00:00\" \/>\n<meta name=\"twitter:card\" content=\"summary_large_image\" \/>\n<meta name=\"twitter:site\" content=\"@FomentSitges\" \/>\n<meta name=\"twitter:label1\" content=\"Tiempo de lectura\" \/>\n\t<meta name=\"twitter:data1\" content=\"2 minutos\" \/>\n<script type=\"application\/ld+json\" class=\"yoast-schema-graph\">{\"@context\":\"https:\/\/schema.org\",\"@graph\":[{\"@type\":\"WebPage\",\"@id\":\"https:\/\/www.rallybarcelonasitges.com\/63a-edicio-2021\/\",\"url\":\"https:\/\/www.rallybarcelonasitges.com\/63a-edicio-2021\/\",\"name\":\"63\u00aa edicion 2021 &#8211; Rally Internacional de Coches de \u00c9poca Barcelona - Sitges\",\"isPartOf\":{\"@id\":\"https:\/\/www.rallybarcelonasitges.com\/es\/#website\"},\"datePublished\":\"2019-11-17T22:09:04+00:00\",\"dateModified\":\"2021-03-15T19:54:22+00:00\",\"description\":\"La 62 edicio es celebrara durant el 2021. Properament es fara publica la data en que els cotxes centenaris tornaran a sortir al carrer\",\"breadcrumb\":{\"@id\":\"https:\/\/www.rallybarcelonasitges.com\/63a-edicio-2021\/#breadcrumb\"},\"inLanguage\":\"es\",\"potentialAction\":[{\"@type\":\"ReadAction\",\"target\":[\"https:\/\/www.rallybarcelonasitges.com\/63a-edicio-2021\/\"]}]},{\"@type\":\"BreadcrumbList\",\"@id\":\"https:\/\/www.rallybarcelonasitges.com\/63a-edicio-2021\/#breadcrumb\",\"itemListElement\":[{\"@type\":\"ListItem\",\"position\":1,\"name\":\"Inici\",\"item\":\"https:\/\/www.rallybarcelonasitges.com\/es\/\"},{\"@type\":\"ListItem\",\"position\":2,\"name\":\"63\u00aa edici\u00f3 2021\"}]},{\"@type\":\"WebSite\",\"@id\":\"https:\/\/www.rallybarcelonasitges.com\/es\/#website\",\"url\":\"https:\/\/www.rallybarcelonasitges.com\/es\/\",\"name\":\"{:ca}Ral\u00b7li Internacional de Cotxes d'\u00c8poca Barcelona - Sitges{:}{:es}Rally Internacional de Coches de \u00c9poca Barcelona - Sitges{:}{:en}International Vintage Car Rally Barcelona - Sitges{:}{:fr}Rallye international de voitures anciennes Barcelone - Sitges{:}{:it}Raduno internazionale di auto d'epoca Barcellona - Sitges{:}\",\"description\":\"P\u00e1gina oficial\",\"potentialAction\":[{\"@type\":\"SearchAction\",\"target\":{\"@type\":\"EntryPoint\",\"urlTemplate\":\"https:\/\/www.rallybarcelonasitges.com\/es\/?s={search_term_string}\"},\"query-input\":{\"@type\":\"PropertyValueSpecification\",\"valueRequired\":true,\"valueName\":\"search_term_string\"}}],\"inLanguage\":\"es\"}]}<\/script>\n<!-- \/ Yoast SEO plugin. -->","yoast_head_json":{"title":"63\u00aa edicion 2021 &#8211; Rally Internacional de Coches de \u00c9poca Barcelona - Sitges","robots":{"index":"index","follow":"follow","max-snippet":"max-snippet:-1","max-image-preview":"max-image-preview:large","max-video-preview":"max-video-preview:-1"},"canonical":"https:\/\/www.rallybarcelonasitges.com\/63a-edicio-2021\/","og_locale":"es_ES","og_type":"article","og_title":"63\u00aa edicion 2021 &#8211; Rally Internacional de Coches de \u00c9poca Barcelona - Sitges","og_url":"https:\/\/www.rallybarcelonasitges.com\/63a-edicio-2021\/","og_site_name":"Rally Internacional de Coches de \u00c9poca Barcelona - Sitges","article_publisher":"https:\/\/www.facebook.com\/rallibarcelonasitges\/","article_modified_time":"2021-03-15T19:54:22+00:00","twitter_card":"summary_large_image","twitter_site":"@FomentSitges","twitter_misc":{"Tiempo de lectura":"2 minutos"},"schema":{"@context":"https:\/\/schema.org","@graph":[{"@type":"WebPage","@id":"https:\/\/www.rallybarcelonasitges.com\/63a-edicio-2021\/","url":"https:\/\/www.rallybarcelonasitges.com\/63a-edicio-2021\/","name":"63\u00aa edicion 2021 &#8211; Rally Internacional de Coches de \u00c9poca Barcelona - Sitges","isPartOf":{"@id":"https:\/\/www.rallybarcelonasitges.com\/es\/#website"},"datePublished":"2019-11-17T22:09:04+00:00","dateModified":"2021-03-15T19:54:22+00:00","description":"La 62 edicio es celebrara durant el 2021. Properament es fara publica la data en que els cotxes centenaris tornaran a sortir al carrer","breadcrumb":{"@id":"https:\/\/www.rallybarcelonasitges.com\/63a-edicio-2021\/#breadcrumb"},"inLanguage":"es","potentialAction":[{"@type":"ReadAction","target":["https:\/\/www.rallybarcelonasitges.com\/63a-edicio-2021\/"]}]},{"@type":"BreadcrumbList","@id":"https:\/\/www.rallybarcelonasitges.com\/63a-edicio-2021\/#breadcrumb","itemListElement":[{"@type":"ListItem","position":1,"name":"Inici","item":"https:\/\/www.rallybarcelonasitges.com\/es\/"},{"@type":"ListItem","position":2,"name":"63\u00aa edici\u00f3 2021"}]},{"@type":"WebSite","@id":"https:\/\/www.rallybarcelonasitges.com\/es\/#website","url":"https:\/\/www.rallybarcelonasitges.com\/es\/","name":"{:ca}Ral\u00b7li Internacional de Cotxes d'\u00c8poca Barcelona - Sitges{:}{:es}Rally Internacional de Coches de \u00c9poca Barcelona - Sitges{:}{:en}International Vintage Car Rally Barcelona - Sitges{:}{:fr}Rallye international de voitures anciennes Barcelone - Sitges{:}{:it}Raduno internazionale di auto d'epoca Barcellona - Sitges{:}","description":"P\u00e1gina oficial","potentialAction":[{"@type":"SearchAction","target":{"@type":"EntryPoint","urlTemplate":"https:\/\/www.rallybarcelonasitges.com\/es\/?s={search_term_string}"},"query-input":{"@type":"PropertyValueSpecification","valueRequired":true,"valueName":"search_term_string"}}],"inLanguage":"es"}]}},"_links":{"self":[{"href":"https:\/\/www.rallybarcelonasitges.com\/es\/wp-json\/wp\/v2\/pages\/3014","targetHints":{"allow":["GET"]}}],"collection":[{"href":"https:\/\/www.rallybarcelonasitges.com\/es\/wp-json\/wp\/v2\/pages"}],"about":[{"href":"https:\/\/www.rallybarcelonasitges.com\/es\/wp-json\/wp\/v2\/types\/page"}],"author":[{"embeddable":true,"href":"https:\/\/www.rallybarcelonasitges.com\/es\/wp-json\/wp\/v2\/users\/1"}],"replies":[{"embeddable":true,"href":"https:\/\/www.rallybarcelonasitges.com\/es\/wp-json\/wp\/v2\/comments?post=3014"}],"version-history":[{"count":75,"href":"https:\/\/www.rallybarcelonasitges.com\/es\/wp-json\/wp\/v2\/pages\/3014\/revisions"}],"predecessor-version":[{"id":5130,"href":"https:\/\/www.rallybarcelonasitges.com\/es\/wp-json\/wp\/v2\/pages\/3014\/revisions\/5130"}],"wp:attachment":[{"href":"https:\/\/www.rallybarcelonasitges.com\/es\/wp-json\/wp\/v2\/media?parent=3014"}],"curies":[{"name":"wp","href":"https:\/\/api.w.org\/{rel}","templated":true}]}}